{"id":38,"date":"2014-07-23T19:04:30","date_gmt":"2014-07-23T19:04:30","guid":{"rendered":"http:\/\/wp.etoile-piercing.ch\/?page_id=38"},"modified":"2025-02-11T06:03:44","modified_gmt":"2025-02-11T06:03:44","slug":"onepage","status":"publish","type":"page","link":"https:\/\/www.etoile-piercing.ch\/","title":{"rendered":"\u00c9toile Piercing &#8211; Das 1. Piercingstudio in Altst\u00e4tten"},"content":{"rendered":"<div class=\"wpb-content-wrapper\"><style type=\"text\/css\"><\/style><p>[vc_row el_id=&#8221;home&#8221;][vc_column][vc_column_text]<\/p>\n<h3>Als erstes Piercingstudio in Altst\u00e4tten, sind wir schon seit 2007 auf dem Markt. In der ganzen Zeit sind wir unserem Motto treu geblieben und realisieren alles, angefangen bei herk\u00f6mlichen Piercings bis zu Microdermal Implantaten. In den vergangenen Jahren haben wir unser Angebot stetig ausgebaut und auf einem\u00a0aktuellen Stand gehalten.<\/h3>\n<h3>Unser professionell ausgebildetes Team arbeitet stets unter Einhaltung strengster Hygienevorschriften und bildet sich laufend weiter. Unsere moderne Ausr\u00fcstung erlaubt uns jeden Wunsch zu erf\u00fcllen. Dies garantiert unseren Kunden ein beschwerdefreies Ergebnis.<\/h3>\n<p>[\/vc_column_text][\/vc_column][\/vc_row][vc_row el_id=&#8221;pricelist&#8221;][vc_column][vc_column_text][\/vc_column_text][\/vc_column][\/vc_row][vc_row][vc_column width=&#8221;1\/6&#8243;][\/vc_column][vc_column width=&#8221;2\/3&#8243;][vc_column_text]<\/p>\n<h1><\/h1>\n<h1 style=\"text-align: center;\">Preisliste<\/h1>\n<p>[\/vc_column_text][vc_column_text]\n<table id=\"tablepress-1\" class=\"tablepress tablepress-id-1\">\n<thead>\n<tr class=\"row-1\">\n\t<th class=\"column-1\">Piercing<\/th><th class=\"column-2\">Preis<\/th><th class=\"column-3\">Heilung<\/th>\n<\/tr>\n<\/thead>\n<tbody class=\"row-striping\">\n<tr class=\"row-2\">\n\t<td class=\"column-1\">Ohrl\u00e4ppchen<\/td><td class=\"column-2\">45.00<\/td><td class=\"column-3\">6-8 Wochen<\/td>\n<\/tr>\n<tr class=\"row-3\">\n\t<td class=\"column-1\">Ohrmuschel<\/td><td class=\"column-2\">100.00<\/td><td class=\"column-3\">2-3 Monate<\/td>\n<\/tr>\n<tr class=\"row-4\">\n\t<td class=\"column-1\">Innenhohr \/ Tragus<\/td><td class=\"column-2\">100.00<\/td><td class=\"column-3\">2-4 Monate<\/td>\n<\/tr>\n<tr class=\"row-5\">\n\t<td class=\"column-1\">Industrial<\/td><td class=\"column-2\">150.00<\/td><td class=\"column-3\">4-6 Monate<\/td>\n<\/tr>\n<tr class=\"row-6\">\n\t<td class=\"column-1\"><\/td><td class=\"column-2\"><\/td><td class=\"column-3\"><\/td>\n<\/tr>\n<tr class=\"row-7\">\n\t<td class=\"column-1\">Nase<\/td><td class=\"column-2\">100.00<\/td><td class=\"column-3\">2-3 Monate<\/td>\n<\/tr>\n<tr class=\"row-8\">\n\t<td class=\"column-1\">Septum<\/td><td class=\"column-2\">120.00<\/td><td class=\"column-3\">4-6 Monate<\/td>\n<\/tr>\n<tr class=\"row-9\">\n\t<td class=\"column-1\">Nasenbein<\/td><td class=\"column-2\">120.00<\/td><td class=\"column-3\">4-6 Monate<\/td>\n<\/tr>\n<tr class=\"row-10\">\n\t<td class=\"column-1\"><\/td><td class=\"column-2\"><\/td><td class=\"column-3\"><\/td>\n<\/tr>\n<tr class=\"row-11\">\n\t<td class=\"column-1\">Augenbraue<\/td><td class=\"column-2\">100.00<\/td><td class=\"column-3\">2-3 Monate<\/td>\n<\/tr>\n<tr class=\"row-12\">\n\t<td class=\"column-1\">Madonna<\/td><td class=\"column-2\">100.00<\/td><td class=\"column-3\">7-9 Wochen<\/td>\n<\/tr>\n<tr class=\"row-13\">\n\t<td class=\"column-1\">Ashley<\/td><td class=\"column-2\">100.00<\/td><td class=\"column-3\">7-9 Wochen<\/td>\n<\/tr>\n<tr class=\"row-14\">\n\t<td class=\"column-1\">Wange<\/td><td class=\"column-2\">100.00<\/td><td class=\"column-3\">2-3 Monate<\/td>\n<\/tr>\n<tr class=\"row-15\">\n\t<td class=\"column-1\">Kinngrube<\/td><td class=\"column-2\">100.00<\/td><td class=\"column-3\">2-3 Monate<\/td>\n<\/tr>\n<tr class=\"row-16\">\n\t<td class=\"column-1\">Zunge<\/td><td class=\"column-2\">120.00<\/td><td class=\"column-3\">4-6 Monate<\/td>\n<\/tr>\n<tr class=\"row-17\">\n\t<td class=\"column-1\"><\/td><td class=\"column-2\"><\/td><td class=\"column-3\"><\/td>\n<\/tr>\n<tr class=\"row-18\">\n\t<td class=\"column-1\">Hautpiercing<\/td><td class=\"column-2\">120.00<\/td><td class=\"column-3\">6-9 Monate<\/td>\n<\/tr>\n<tr class=\"row-19\">\n\t<td class=\"column-1\">Intim<\/td><td class=\"column-2\">150.00<\/td><td class=\"column-3\">4-9 Monate<\/td>\n<\/tr>\n<tr class=\"row-20\">\n\t<td class=\"column-1\">Microdermal<\/td><td class=\"column-2\">120.00<\/td><td class=\"column-3\">1-4 Wochen<\/td>\n<\/tr>\n<tr class=\"row-21\">\n\t<td class=\"column-1\">Bauch<\/td><td class=\"column-2\">120.00<\/td><td class=\"column-3\">2-4 Wochen<\/td>\n<\/tr>\n<tr class=\"row-22\">\n\t<td class=\"column-1\">Brustwarze<\/td><td class=\"column-2\">120.00<\/td><td class=\"column-3\">Frau: 4-9 Monate<br \/>\nMann: 2-4 Monate<\/td>\n<\/tr>\n<\/tbody>\n<\/table>\n<!-- #tablepress-1 from cache -->[\/vc_column_text][\/vc_column][vc_column width=&#8221;1\/6&#8243;][\/vc_column][\/vc_row][vc_row el_id=&#8221;info&#8221;][vc_column][vc_cta h2=&#8221;Wichtige Informationen&#8221; txt_align=&#8221;center&#8221; style=&#8221;outline&#8221; color=&#8221;pink&#8221; el_width=&#8221;sm&#8221;]<\/p>\n<h3>Im Alter zwischen 17 und 18 Jahren gen\u00fcgt die <strong>schriftliche Einwilligung der Eltern<\/strong>.<\/h3>\n<h3>F\u00fcr die Kontrolle \/ Begutachtung nicht von uns gestochener Piercings, verrechnen wir <strong>CHF 30.00<\/strong>!<\/h3>\n<p>[\/vc_cta][\/vc_column][\/vc_row][vc_row bg_type=&#8221;grad&#8221; bg_grad=&#8221;background: -webkit-gradient(linear, left top, left bottom, color-stop(0%, #E3E3E3), color-stop(64%, #FFFFFF));background: -moz-linear-gradient(top,#E3E3E3 0%,#FFFFFF 64%);background: -webkit-linear-gradient(top,#E3E3E3 0%,#FFFFFF 64%);background: -o-linear-gradient(top,#E3E3E3 0%,#FFFFFF 64%);background: -ms-linear-gradient(top,#E3E3E3 0%,#FFFFFF 64%);background: linear-gradient(top,#E3E3E3 0%,#FFFFFF 64%);&#8221;][vc_column width=&#8221;1\/6&#8243;][\/vc_column][vc_column width=&#8221;2\/3&#8243;][vc_column_text]<\/p>\n<h1 style=\"text-align: center;\">Pflegehinweise<\/h1>\n<p>[\/vc_column_text][vc_column_text]<\/p>\n<h2>Nachbehandlung Piercing<\/h2>\n<h3 style=\"text-align: justify;\">Piercings sind offene Wunden und bed\u00fcrfen einer intensiven Pflege bis zur kompletten Ausheilung. Die Dauer ist von der Stelle und von der eigenen Wundheilung abh\u00e4ngig. Bei Entz\u00fcndungen ist einen Arzt aufzusuchen. Durchschnittlich betr\u00e4gt diese Zeit jedoch zwei bis drei Monate. In dieser Zeit sollte der Schmuck ununterbrochen getragen und erst nach dieser Zeit gewechselt werden. Der Alltag wird durch ein frisches Piercing jedoch nicht sonderlich beeintr\u00e4chtigt; arbeiten oder auch Sport treiben ist kein Problem. Man sollte f\u00fcr etwa zwei bis drei Wochen auf Sauna, Solarien, Schwimmbad und Badewanne (nur bei Intim, Bauch und Brust) verzichten, da durch die W\u00e4rme, Strahlen oder durch das Wasser Infektionen entstehen k\u00f6nnen. Alle Piercings (au\u00dfer Zunge und Lippenb\u00e4ndchen) sollten einmal pro Tag mit klarem Wasser gereinigt werden, um die Kruste, die sich dort bildet, einzuweichen und zu entfernen. Anschlie\u00dfend kann es auch bewegt werden, wenn es nicht wehtun sollte, anderenfalls am besten in Ruhe lassen. Ein Piercing muss nicht bewegt oder gedreht werden. Dies kann zu ungew\u00fcnschten Reibungen f\u00fchren. Man sollte au\u00dferdem darauf achten, dass kein Shampoo oder Duschgel auf das Piercing kommt. Am besten verwendet man PH-hautneutrales Duschgel. Es ist wichtig die Wunde regelm\u00e4\u00dfig zu desinfizieren, wozu wir z.B. Kochsalzl\u00f6sung empfehlen. Es enth\u00e4lt keinen Alkohol und ist somit nicht so aggressiv wie vergleichbare Produkte, wie z.B. Kodan, Softasept, \u2026 . Das Mittel sollte etwa zwei Mal pro Tag aufgetragen werden. Dieses Verfahren sollte die ersten paar Wochen regelm\u00e4\u00dfig durchgef\u00fchrt werden. Bei Piercings im Mundraum (au\u00dfer Zunge) ist es au\u00dferdem empfehlenswert zweimal am Tag Mundwasser zu verwenden.<\/h3>\n<p>[\/vc_column_text][vc_column_text]<\/p>\n<h2>Nachbehandlung Microdermal Implantat<\/h2>\n<ul>\n<li style=\"text-align: justify;\">\n<h3>Ber\u00fchrungen der Wunde, wenn \u00fcberhaupt nur mit sauberen H\u00e4nden<\/h3>\n<\/li>\n<li style=\"text-align: justify;\">\n<h3>Die Wunde in den ersten 4 Wochen 2x t\u00e4gl. mit Kamillenl\u00f6sung und einer Kompresse reinigen (von der Wunde weg Wischen Aseptisch arbeiten!)<\/h3>\n<\/li>\n<li style=\"text-align: justify;\">\n<h3>Verschmutzungen \/ Sekret unter der Disc nicht weg reiben, sondern mit der mitgelieferten Salzl\u00f6sung aufweichen<\/h3>\n<\/li>\n<li style=\"text-align: justify;\">\n<h3>In den ersten 10 Tagen nach dem s\u00e4ubern das Microdermal mit einem Pflaster \u00fcberkleben und fixieren<\/h3>\n<\/li>\n<li style=\"text-align: justify;\">\n<h3>2-4 Wochen kein Sport, nicht Schwimmen, Sauna, Solarium, Vollb\u00e4der<\/h3>\n<\/li>\n<\/ul>\n<h2>Bei allen Punkten zu beachten:<\/h2>\n<ul>\n<li style=\"text-align: justify;\">\n<h3>Bei allen Pfleget\u00e4tigkeiten bitte vorher H\u00e4nde waschen- Infektionsgefahr<\/h3>\n<\/li>\n<li style=\"text-align: justify;\">\n<h3>Bei Entz\u00fcndung, Positionswechsel oder Verlust umgehend bei mir melden!<\/h3>\n<\/li>\n<\/ul>\n<p>[\/vc_column_text][\/vc_column][vc_column width=&#8221;1\/6&#8243;][\/vc_column][\/vc_row][vc_row][vc_column width=&#8221;1\/6&#8243;][\/vc_column][vc_column width=&#8221;2\/3&#8243;][vc_column_text]<\/p>\n<h1 style=\"text-align: center;\">Downloads<\/h1>\n<p>[\/vc_column_text][vc_row_inner][vc_column_inner width=&#8221;1\/2&#8243;][vc_btn title=&#8221;Pflegehinweise Piercing&#8221; shape=&#8221;square&#8221; color=&#8221;peacoc&#8221; size=&#8221;lg&#8221; align=&#8221;center&#8221; i_icon_fontawesome=&#8221;&#8221; button_block=&#8221;true&#8221; add_icon=&#8221;true&#8221; link=&#8221;url:https%3A%2F%2Fwww.etoile-piercing.ch%2Fwp-content%2Fuploads%2F2014%2F10%2FPflegehinweise.pdf||target:%20_blank|&#8221;][\/vc_column_inner][vc_column_inner width=&#8221;1\/2&#8243;][vc_btn title=&#8221;Haftungsausschluss&#8221; shape=&#8221;square&#8221; color=&#8221;peacoc&#8221; size=&#8221;lg&#8221; align=&#8221;center&#8221; i_icon_fontawesome=&#8221;&#8221; button_block=&#8221;true&#8221; add_icon=&#8221;true&#8221; link=&#8221;url:https%3A%2F%2Fwww.etoile-piercing.ch%2Fwp-content%2Fuploads%2F2018%2F03%2FHaftungsauschluss.pdf||target:%20_blank|&#8221;][\/vc_column_inner][\/vc_row_inner][\/vc_column][vc_column width=&#8221;1\/6&#8243;][\/vc_column][\/vc_row][vc_row el_id=&#8221;team&#8221;][vc_column][vc_column_text][\/vc_column_text][\/vc_column][\/vc_row][vc_row][vc_column][vc_column_text]<\/p>\n<h1 style=\"text-align: center;\">Unser Team<\/h1>\n<p>[\/vc_column_text][vc_row_inner][vc_column_inner][vc_column_text]<div class=\"cmsms_profile horizontal\">\n<article class=\"one_half format-profile\">\n<div class=\"pl_img\">\n<figure><a href=\"https:\/\/www.etoile-piercing.ch\/?profile=nicole-wildhaber\"><img loading=\"lazy\" decoding=\"async\" width=\"580\" height=\"390\" src=\"https:\/\/www.etoile-piercing.ch\/wp-content\/uploads\/2014\/12\/Nicole-580x390.jpg\" class=\"attachment-blog-masonry-thumb size-blog-masonry-thumb wp-post-image\" alt=\"Nici Graf\" title=\"Nici Graf\" \/><\/a><\/figure>\n<\/div>\n<div class=\"pl_content\">\n<h2 class=\"entry-title\"><a href=\"https:\/\/www.etoile-piercing.ch\/?profile=nicole-wildhaber\">Nici Graf<\/a><\/h2>\n<h5 class=\"pl_subtitle\">PIERCINGS | INTIM FRAUEN<\/h5>\n<div class=\"entry-content\">\nTermine Mo-Fr, ausschliesslich nach Vereinbarung.<\/div>\n<\/div>\n<div class=\"pl_social\">\n<ul class=\"pl_social_list\">\n<li>\n\t<a href=\"https:\/\/www.facebook.com\/nicole.wildhaber.5?fref=ts\" class=\"cmsms-icon-facebook-5\" title=\"\" target=\"_blank\"><\/a>\r<\/li>\n<li>\n\t<a href=\"mailto:nicci@etoile-piercing.ch\" class=\"cmsms-icon-email\" title=\"\" target=\"_blank\"><\/a>\r<\/li>\n<li>\n\t<a href=\"tel:+41764455838\" class=\"cmsms-icon-phone-3\" title=\"\" target=\"_blank\"><\/a>\r<\/li>\n<\/ul>\n<\/div>\n<div class=\"cl\"><\/div>\n<\/article>\n<article class=\"one_half profile_even format-profile\">\n<div class=\"pl_img\">\n<figure><a href=\"https:\/\/www.etoile-piercing.ch\/?profile=serjoscha-graber\"><img loading=\"lazy\" decoding=\"async\" width=\"580\" height=\"390\" src=\"https:\/\/www.etoile-piercing.ch\/wp-content\/uploads\/2014\/12\/Joschi-580x390.jpg\" class=\"attachment-blog-masonry-thumb size-blog-masonry-thumb wp-post-image\" alt=\"Serjoscha Graber\" title=\"Serjoscha Graber\" \/><\/a><\/figure>\n<\/div>\n<div class=\"pl_content\">\n<h2 class=\"entry-title\"><a href=\"https:\/\/www.etoile-piercing.ch\/?profile=serjoscha-graber\">Serjoscha Graber<\/a><\/h2>\n<h5 class=\"pl_subtitle\">PERCINGS | INTIM M\u00c4NNER<\/h5>\n<div class=\"entry-content\">\nTermine Mo-Fr, ausschliesslich nach Vereinbarung.<\/div>\n<\/div>\n<div class=\"pl_social\">\n<ul class=\"pl_social_list\">\n<li>\n\t<a href=\"https:\/\/www.facebook.com\/serjoscha?ref=ts&fref=ts\" class=\"cmsms-icon-facebook-5\" title=\"\" target=\"_blank\"><\/a>\r<\/li>\n<li>\n\t<a href=\"mailto:joschi@etoile-piercing.ch\" class=\"cmsms-icon-email\" title=\"\"><\/a>\r<\/li>\n<li>\n\t<a href=\"tel:+41765670656\" class=\"cmsms-icon-phone-3\" title=\"\" target=\"_blank\"><\/a>\r<\/li>\n<\/ul>\n<\/div>\n<div class=\"cl\"><\/div>\n<\/article>\n<\/div>\n[\/vc_column_text][\/vc_column_inner][\/vc_row_inner][\/vc_column][\/vc_row][vc_row el_id=&#8221;gutschein&#8221;][vc_column][vc_column_text][\/vc_column_text][\/vc_column][\/vc_row][vc_row][vc_column][vc_column_text]<\/p>\n<h1 style=\"text-align: center;\">Anschrift<\/h1>\n<p>[\/vc_column_text][vc_column_text]<\/p>\n<h3 style=\"text-align: center;\">Das Geb\u00e4ude ist mit Soir\u00e9e Bar beschriftet. Unser Studio befindet sich im 1. Stock. Gen\u00fcgend Parkpl\u00e4tze befinden sich gegen\u00fcber oder hinter dem Geb\u00e4ude. Der Eingang befindet sich auf der R\u00fcckseite des Geb\u00e4udes am Gem\u00fcsemarkt.<\/h3>\n<p>[\/vc_column_text][\/vc_column][\/vc_row][vc_row][vc_column width=&#8221;1\/2&#8243;][vc_column_text]<\/p>\n<h1 style=\"text-align: center;\">Anfahrt<\/h1>\n<p>[\/vc_column_text][vc_gmaps link=&#8221;#E-8_JTNDaWZyYW1lJTIwc3JjJTNEJTIyaHR0cHMlM0ElMkYlMkZ3d3cuZ29vZ2xlLmNvbSUyRm1hcHMlMkZlbWJlZCUzRnBiJTNEJTIxMW0xOCUyMTFtMTIlMjExbTMlMjExZDExMjMuODQ0MTY3MjIzNzg4OSUyMTJkOS41MzgwMDA1MDE5NDEzOTclMjEzZDQ3LjM3ODQxMjg4OTczMjQyJTIxMm0zJTIxMWYwJTIxMmYwJTIxM2YwJTIxM20yJTIxMWkxMDI0JTIxMmk3NjglMjE0ZjEzLjElMjEzbTMlMjExbTIlMjExczB4NDc5YjE3ZjAyZWY1MmVkMSUyNTNBMHhkYTM1MGQzZTJkN2Q4M2E4JTIxMnNCcmVpdGUlMkIzJTI1MkMlMkI5NDUwJTJCQWx0c3QlMjVDMyUyNUE0dHRlbiUyMTVlMSUyMTNtMiUyMTFzZGUlMjEyc2NoJTIxNHYxNTIwNzczNTMxMjE2JTIyJTIwd2lkdGglM0QlMjI2MDAlMjIlMjBoZWlnaHQlM0QlMjI0NTAlMjIlMjBmcmFtZWJvcmRlciUzRCUyMjAlMjIlMjBzdHlsZSUzRCUyMmJvcmRlciUzQTAlMjIlMjBhbGxvd2Z1bGxzY3JlZW4lM0UlM0MlMkZpZnJhbWUlM0U=&#8221;][\/vc_column][vc_column width=&#8221;1\/2&#8243;][vc_column_text]<\/p>\n<h1 style=\"text-align: center;\">Eingang<\/h1>\n<p>[\/vc_column_text][vc_column_text]<\/p>\n<h3>Der Eingang befindet sich auf der R\u00fcckseite des Geb\u00e4udes am Gem\u00fcsemarkt.<\/h3>\n<p>[\/vc_column_text][\/vc_column][\/vc_row]<\/p>\n<\/div>","protected":false},"excerpt":{"rendered":"<p>[vc_row el_id=&#8221;home&#8221;][vc_column][vc_column_text] Als erstes Piercingstudio in Altst\u00e4tten, sind wir schon seit 2007 auf dem Markt. In der ganzen Zeit sind wir unserem Motto treu geblieben und realisieren alles, angefangen bei herk\u00f6mlichen Piercings bis zu Microdermal Implantaten. In den vergangenen Jahren haben wir unser Angebot stetig ausgebaut und auf einem\u00a0aktuellen Stand gehalten. Unser professionell ausgebildetes Team&#8230;<\/p>\n","protected":false},"author":1,"featured_media":0,"parent":0,"menu_order":0,"comment_status":"closed","ping_status":"closed","template":"","meta":{"_exactmetrics_skip_tracking":false,"_exactmetrics_sitenote_active":false,"_exactmetrics_sitenote_note":"","_exactmetrics_sitenote_category":0,"footnotes":""},"class_list":["post-38","page","type-page","status-publish","hentry"],"_links":{"self":[{"href":"https:\/\/www.etoile-piercing.ch\/index.php?rest_route=\/wp\/v2\/pages\/38","targetHints":{"allow":["GET"]}}],"collection":[{"href":"https:\/\/www.etoile-piercing.ch\/index.php?rest_route=\/wp\/v2\/pages"}],"about":[{"href":"https:\/\/www.etoile-piercing.ch\/index.php?rest_route=\/wp\/v2\/types\/page"}],"author":[{"embeddable":true,"href":"https:\/\/www.etoile-piercing.ch\/index.php?rest_route=\/wp\/v2\/users\/1"}],"replies":[{"embeddable":true,"href":"https:\/\/www.etoile-piercing.ch\/index.php?rest_route=%2Fwp%2Fv2%2Fcomments&post=38"}],"version-history":[{"count":271,"href":"https:\/\/www.etoile-piercing.ch\/index.php?rest_route=\/wp\/v2\/pages\/38\/revisions"}],"predecessor-version":[{"id":454,"href":"https:\/\/www.etoile-piercing.ch\/index.php?rest_route=\/wp\/v2\/pages\/38\/revisions\/454"}],"wp:attachment":[{"href":"https:\/\/www.etoile-piercing.ch\/index.php?rest_route=%2Fwp%2Fv2%2Fmedia&parent=38"}],"curies":[{"name":"wp","href":"https:\/\/api.w.org\/{rel}","templated":true}]}}